{"id":10308,"date":"2025-02-19T00:27:42","date_gmt":"2025-02-18T17:27:42","guid":{"rendered":"https:\/\/ruoumini.com\/?post_type=product&#038;p=10308"},"modified":"2025-10-24T17:34:45","modified_gmt":"2025-10-24T10:34:45","slug":"wh-hlp-015-highland-park-15-years-old","status":"publish","type":"product","link":"https:\/\/ruoumini.com\/en\/wh-hlp-015-highland-park-15-years-old\/","title":{"rendered":"WH-HLP-015 Highland Park 15 years old"},"content":{"rendered":"<h3 data-start=\"40\" data-end=\"91\">\ud83e\udd43 <strong data-start=\"47\" data-end=\"91\">Highland Park 15 Year Old \u2013 Viking Heart<\/strong><\/h3>\n<p data-start=\"93\" data-end=\"388\">The <strong data-start=\"97\" data-end=\"141\">Highland Park 15 Year Old \u2013 Viking Heart<\/strong> is a richly layered single malt Scotch whisky that embodies the distillery&#8217;s signature balance of heathered peat smoke, sweet vanilla, and vibrant fruitiness. Bottled at 44% ABV, this expression offers a complex and harmonious tasting experience.<\/p>\n<hr data-start=\"390\" data-end=\"393\" \/>\n<h3 data-start=\"395\" data-end=\"417\">\ud83d\udd0d <strong data-start=\"402\" data-end=\"417\">Key Details<\/strong><\/h3>\n<ul data-start=\"419\" data-end=\"615\">\n<li data-start=\"419\" data-end=\"445\">\n<p data-start=\"421\" data-end=\"445\"><strong data-start=\"421\" data-end=\"431\">Brand:<\/strong> Highland Park<\/p>\n<\/li>\n<li data-start=\"446\" data-end=\"483\">\n<p data-start=\"448\" data-end=\"483\"><strong data-start=\"448\" data-end=\"457\">Type:<\/strong> Single Malt Scotch Whisky<\/p>\n<\/li>\n<li data-start=\"484\" data-end=\"514\">\n<p data-start=\"486\" data-end=\"514\"><strong data-start=\"486\" data-end=\"497\">Region:<\/strong> Orkney, Scotland<\/p>\n<\/li>\n<li data-start=\"515\" data-end=\"534\">\n<p data-start=\"517\" data-end=\"534\"><strong data-start=\"517\" data-end=\"525\">Age:<\/strong> 15 Years<\/p>\n<\/li>\n<li data-start=\"535\" data-end=\"549\">\n<p data-start=\"537\" data-end=\"549\"><strong data-start=\"537\" data-end=\"545\">ABV:<\/strong> 44%<\/p>\n<\/li>\n<li data-start=\"550\" data-end=\"574\">\n<p data-start=\"552\" data-end=\"574\"><strong data-start=\"552\" data-end=\"568\">Bottle Size:<\/strong> 700ml<\/p>\n<\/li>\n<li data-start=\"575\" data-end=\"615\">\n<p data-start=\"577\" data-end=\"615\"><strong data-start=\"577\" data-end=\"591\">Packaging:<\/strong> Comes with original box<\/p>\n<\/li>\n<\/ul>\n<hr data-start=\"617\" data-end=\"620\" \/>\n<h3 data-start=\"622\" data-end=\"646\">\ud83c\udf3e <strong data-start=\"629\" data-end=\"646\">Tasting Notes<\/strong><\/h3>\n<ul data-start=\"648\" data-end=\"1169\">\n<li data-start=\"648\" data-end=\"814\">\n<p data-start=\"650\" data-end=\"814\"><strong data-start=\"650\" data-end=\"659\">Nose:<\/strong> Rich and spicy aromas of cr\u00e8me br\u00fbl\u00e9e, heather honey, and crumbled cinnamon, leading to intensely fruity notes of fresh pineapple dressed with lemon zest.<\/p>\n<\/li>\n<li data-start=\"815\" data-end=\"996\">\n<p data-start=\"817\" data-end=\"996\"><strong data-start=\"817\" data-end=\"828\">Palate:<\/strong> Hints of freshly baked sponge cake, with toasted cinnamon and vanilla notes. The palate is balanced with citrus and vanilla notes, complemented by aromatic peat smoke.<\/p>\n<\/li>\n<li data-start=\"997\" data-end=\"1169\">\n<p data-start=\"999\" data-end=\"1169\"><strong data-start=\"999\" data-end=\"1010\">Finish:<\/strong> A mellow finish with lingering vanilla, toasty spice, and a gentle hit of aromatic smoke from Orkney&#8217;s heathered peat.<\/p>\n<\/li>\n<\/ul>\n<hr data-start=\"1171\" data-end=\"1174\" \/>\n<h3 data-start=\"1176\" data-end=\"1193\">\ud83c\udfc6 <strong data-start=\"1183\" data-end=\"1193\">Awards<\/strong><\/h3>\n<ul data-start=\"1195\" data-end=\"1366\">\n<li data-start=\"1195\" data-end=\"1257\">\n<p data-start=\"1197\" data-end=\"1257\"><strong data-start=\"1197\" data-end=\"1212\">Double Gold<\/strong> \u2013 San Francisco World Spirits Challenge 2024<\/p>\n<\/li>\n<li data-start=\"1258\" data-end=\"1307\">\n<p data-start=\"1260\" data-end=\"1307\"><strong data-start=\"1260\" data-end=\"1268\">Gold<\/strong> \u2013 International Spirits Challenge 2024<\/p>\n<\/li>\n<li data-start=\"1308\" data-end=\"1366\">\n<p data-start=\"1310\" data-end=\"1366\"><strong data-start=\"1310\" data-end=\"1318\">Gold<\/strong> \u2013 International Wine &amp; Spirits Competition 2022<\/p>\n<\/li>\n<\/ul>\n<hr data-start=\"1368\" data-end=\"1371\" \/>\n<h3 data-start=\"1373\" data-end=\"1413\">\ud83c\udf81 <strong data-start=\"1380\" data-end=\"1413\">Presentation &amp; Collectibility<\/strong><\/h3>\n<p data-start=\"1415\" data-end=\"1632\">The Highland Park 15 Year Old \u2013 Viking Heart is presented in a beautifully designed bottle with original packaging, making it an excellent addition to any whisky collection or a thoughtful gift for whisky enthusiasts.<\/p>\n","protected":false},"excerpt":{"rendered":"<p>\ud83e\udd43 Highland Park 15 Year Old \u2013 Viking Heart The Highland Park 15 Year Old \u2013 Viking Heart is a richly layered single malt Scotch whisky that embodies the distillery&#8217;s signature balance of heathered peat smoke, sweet vanilla, and vibrant fruitiness. Bottled at 44% ABV, this expression offers a complex and harmonious tasting experience. \ud83d\udd0d [&#8230;]\n","protected":false},"featured_media":7587,"comment_status":"open","ping_status":"closed","template":"","meta":[],"product_brand":[],"product_cat":[549,476,524],"product_tag":[],"class_list":{"0":"post-10308","1":"product","2":"type-product","3":"status-publish","4":"has-post-thumbnail","6":"product_cat-wh-hlp-highland-park-en","7":"product_cat-miniature-en","8":"product_cat-whisky-en","10":"first","11":"onbackorder","12":"purchasable","13":"product-type-simple","14":"berocket_lgv_grid","15":"berocket_lgv_list_grid"},"jetpack_sharing_enabled":true,"_links":{"self":[{"href":"https:\/\/ruoumini.com\/en\/wp-json\/wp\/v2\/product\/10308","targetHints":{"allow":["GET"]}}],"collection":[{"href":"https:\/\/ruoumini.com\/en\/wp-json\/wp\/v2\/product"}],"about":[{"href":"https:\/\/ruoumini.com\/en\/wp-json\/wp\/v2\/types\/product"}],"replies":[{"embeddable":true,"href":"https:\/\/ruoumini.com\/en\/wp-json\/wp\/v2\/comments?post=10308"}],"wp:featuredmedia":[{"embeddable":true,"href":"https:\/\/ruoumini.com\/en\/wp-json\/wp\/v2\/media\/7587"}],"wp:attachment":[{"href":"https:\/\/ruoumini.com\/en\/wp-json\/wp\/v2\/media?parent=10308"}],"wp:term":[{"taxonomy":"product_brand","embeddable":true,"href":"https:\/\/ruoumini.com\/en\/wp-json\/wp\/v2\/product_brand?post=10308"},{"taxonomy":"product_cat","embeddable":true,"href":"https:\/\/ruoumini.com\/en\/wp-json\/wp\/v2\/product_cat?post=10308"},{"taxonomy":"product_tag","embeddable":true,"href":"https:\/\/ruoumini.com\/en\/wp-json\/wp\/v2\/product_tag?post=10308"}],"curies":[{"name":"wp","href":"https:\/\/api.w.org\/{rel}","templated":true}]}}