{"id":14225,"date":"2026-02-24T21:06:21","date_gmt":"2026-02-24T14:06:21","guid":{"rendered":"https:\/\/ruoumini.com\/?post_type=product&#038;p=14225"},"modified":"2026-03-11T20:39:12","modified_gmt":"2026-03-11T13:39:12","slug":"co-re-049-e-remy-martin-v-s-o-p","status":"publish","type":"product","link":"https:\/\/ruoumini.com\/en\/co-re-049-e-remy-martin-v-s-o-p\/","title":{"rendered":"CO-RE-049 E.Remy Martin V.S.O.P"},"content":{"rendered":"<div class=\"flex flex-col text-sm pb-25\">\n<article class=\"text-token-text-primary w-full focus:outline-none [--shadow-height:45px] has-data-writing-block:pointer-events-none has-data-writing-block:-mt-(--shadow-height) has-data-writing-block:pt-(--shadow-height) [&amp;:has([data-writing-block])&gt;*]:pointer-events-auto scroll-mt-[calc(var(--header-height)+min(200px,max(70px,20svh)))]\" dir=\"auto\" data-turn-id=\"request-WEB:fdfc0ab1-26bd-4a9f-bb03-4447d2664bf1-31\" data-testid=\"conversation-turn-64\" data-scroll-anchor=\"true\" data-turn=\"assistant\">\n<div class=\"text-base my-auto mx-auto pb-10 [--thread-content-margin:--spacing(4)] @w-sm\/main:[--thread-content-margin:--spacing(6)] @w-lg\/main:[--thread-content-margin:--spacing(16)] px-(--thread-content-margin)\">\n<div class=\"[--thread-content-max-width:40rem] @w-lg\/main:[--thread-content-max-width:48rem] mx-auto max-w-(--thread-content-max-width) flex-1 group\/turn-messages focus-visible:outline-hidden relative flex w-full min-w-0 flex-col agent-turn\">\n<div class=\"flex max-w-full flex-col grow\">\n<div class=\"min-h-8 text-message relative flex w-full flex-col items-end gap-2 text-start break-words whitespace-normal [.text-message+&amp;]:mt-1\" dir=\"auto\" data-message-author-role=\"assistant\" data-message-id=\"dd498d98-4343-468d-ac74-011cc5af9ee5\" data-message-model-slug=\"gpt-5-3\">\n<div class=\"flex w-full flex-col gap-1 empty:hidden first:pt-[1px]\">\n<div class=\"markdown prose dark:prose-invert w-full break-words light markdown-new-styling\">\n<h3 data-start=\"0\" data-end=\"33\">\ud83e\udd43 <strong data-start=\"7\" data-end=\"33\">E. R\u00e9my Martin V.S.O.P<\/strong><\/h3>\n<p data-start=\"35\" data-end=\"90\"><strong data-start=\"35\" data-end=\"90\">Classic Fine Champagne Cognac from a Historic House<\/strong><\/p>\n<p data-start=\"92\" data-end=\"448\"><span class=\"hover:entity-accent entity-underline inline cursor-pointer align-baseline\"><span class=\"whitespace-normal\">R\u00e9my Martin<\/span><\/span> E. R\u00e9my Martin V.S.O.P is a refined <strong data-start=\"166\" data-end=\"191\">Fine Champagne Cognac<\/strong>, crafted from eaux-de-vie sourced from the prestigious <strong data-start=\"247\" data-end=\"293\">Grande Champagne and Petite Champagne crus<\/strong>. Known for its smooth, balanced character, this expression reflects the long tradition of quality and craftsmanship associated with the R\u00e9my Martin house.<\/p>\n<hr data-start=\"450\" data-end=\"453\" \/>\n<h3 data-start=\"455\" data-end=\"480\">\ud83d\udccb Key Specifications<\/h3>\n<ul data-start=\"481\" data-end=\"769\">\n<li data-start=\"481\" data-end=\"533\">\n<p data-start=\"483\" data-end=\"533\"><strong data-start=\"483\" data-end=\"493\">Brand:<\/strong> <span class=\"hover:entity-accent entity-underline inline cursor-pointer align-baseline\"><span class=\"whitespace-normal\">R\u00e9my Martin<\/span><\/span><\/p>\n<\/li>\n<li data-start=\"534\" data-end=\"575\">\n<p data-start=\"536\" data-end=\"575\"><strong data-start=\"536\" data-end=\"549\">Category:<\/strong> Cognac \u2013 Fine Champagne<\/p>\n<\/li>\n<li data-start=\"576\" data-end=\"623\">\n<p data-start=\"578\" data-end=\"623\"><strong data-start=\"578\" data-end=\"588\">Style:<\/strong> V.S.O.P (Very Superior Old Pale)<\/p>\n<\/li>\n<li data-start=\"624\" data-end=\"716\">\n<p data-start=\"626\" data-end=\"716\"><strong data-start=\"626\" data-end=\"637\">Origin:<\/strong> <span class=\"hover:entity-accent entity-underline inline cursor-pointer align-baseline\"><span class=\"whitespace-normal\">Cognac<\/span><\/span>, <span class=\"hover:entity-accent entity-underline inline cursor-pointer align-baseline\"><span class=\"whitespace-normal\">France<\/span><\/span><\/p>\n<\/li>\n<li data-start=\"717\" data-end=\"733\">\n<p data-start=\"719\" data-end=\"733\"><strong data-start=\"719\" data-end=\"727\">ABV:<\/strong> 40%<\/p>\n<\/li>\n<li data-start=\"734\" data-end=\"769\">\n<p data-start=\"736\" data-end=\"769\"><strong data-start=\"736\" data-end=\"752\">Bottle Size:<\/strong> Typically 700 ml<\/p>\n<\/li>\n<\/ul>\n<hr data-start=\"771\" data-end=\"774\" \/>\n<h3 data-start=\"776\" data-end=\"807\">\ud83d\udce6 Packaging &amp; Presentation<\/h3>\n<ul data-start=\"808\" data-end=\"958\">\n<li data-start=\"808\" data-end=\"870\">\n<p data-start=\"810\" data-end=\"870\">Classic R\u00e9my Martin <strong data-start=\"830\" data-end=\"868\">VSOP bottle shape and label design<\/strong><\/p>\n<\/li>\n<li data-start=\"871\" data-end=\"914\">\n<p data-start=\"873\" data-end=\"914\">Traditional <strong data-start=\"885\" data-end=\"912\">centaur emblem branding<\/strong><\/p>\n<\/li>\n<li data-start=\"915\" data-end=\"958\">\n<p data-start=\"917\" data-end=\"958\">Often available with <strong data-start=\"938\" data-end=\"958\">presentation box<\/strong><\/p>\n<\/li>\n<\/ul>\n<hr data-start=\"960\" data-end=\"963\" \/>\n<h3 data-start=\"965\" data-end=\"994\">\ud83d\udc8e Collectibility &amp; Value<\/h3>\n<ul data-start=\"995\" data-end=\"1195\">\n<li data-start=\"995\" data-end=\"1057\">\n<p data-start=\"997\" data-end=\"1057\">Recognized classic within the <strong data-start=\"1027\" data-end=\"1055\">R\u00e9my Martin cognac range<\/strong><\/p>\n<\/li>\n<li data-start=\"1058\" data-end=\"1135\">\n<p data-start=\"1060\" data-end=\"1135\">Older label versions can attract <strong data-start=\"1093\" data-end=\"1133\">collectors of vintage cognac bottles<\/strong><\/p>\n<\/li>\n<li data-start=\"1136\" data-end=\"1195\">\n<p data-start=\"1138\" data-end=\"1195\">Value influenced by <strong data-start=\"1158\" data-end=\"1195\">edition, condition, and packaging<\/strong><\/p>\n<\/li>\n<\/ul>\n<hr data-start=\"1197\" data-end=\"1200\" \/>\n<h3 data-start=\"1202\" data-end=\"1225\">\u2b50 Why It Stands Out<\/h3>\n<ul data-start=\"1226\" data-end=\"1420\" data-is-last-node=\"\" data-is-only-node=\"\">\n<li data-start=\"1226\" data-end=\"1277\">\n<p data-start=\"1228\" data-end=\"1277\">Produced using <strong data-start=\"1243\" data-end=\"1275\">Fine Champagne Cognac grapes<\/strong><\/p>\n<\/li>\n<li data-start=\"1278\" data-end=\"1351\">\n<p data-start=\"1280\" data-end=\"1351\">Smooth flavor profile with <strong data-start=\"1307\" data-end=\"1349\">vanilla, dried fruit, and gentle spice<\/strong><\/p>\n<\/li>\n<li data-start=\"1352\" data-end=\"1420\" data-is-last-node=\"\">\n<p data-start=\"1354\" data-end=\"1420\" data-is-last-node=\"\">Represents the historic heritage of the <strong data-start=\"1394\" data-end=\"1415\">R\u00e9my Martin house<\/strong> \ud83c\udf47\ud83e\udd43<\/p>\n<\/li>\n<\/ul>\n<\/div>\n<\/div>\n<\/div>\n<\/div>\n<\/div>\n<\/div>\n<\/article>\n<\/div>\n","protected":false},"excerpt":{"rendered":"<p>\ud83e\udd43 E. R\u00e9my Martin V.S.O.P Classic Fine Champagne Cognac from a Historic House R\u00e9my Martin E. R\u00e9my Martin V.S.O.P is a refined Fine Champagne Cognac, crafted from eaux-de-vie sourced from the prestigious Grande Champagne and Petite Champagne crus. Known for its smooth, balanced character, this expression reflects the long tradition of quality and craftsmanship associated [&#8230;]\n","protected":false},"featured_media":14070,"comment_status":"open","ping_status":"closed","template":"","meta":[],"product_brand":[],"product_cat":[496,520],"product_tag":[],"class_list":{"0":"post-14225","1":"product","2":"type-product","3":"status-publish","4":"has-post-thumbnail","6":"product_cat-cognac-en","7":"product_cat-co-re-remy-martin-en","9":"first","10":"instock","11":"featured","12":"taxable","13":"shipping-taxable","14":"product-type-simple","15":"berocket_lgv_grid","16":"berocket_lgv_list_grid"},"jetpack_sharing_enabled":true,"_links":{"self":[{"href":"https:\/\/ruoumini.com\/en\/wp-json\/wp\/v2\/product\/14225","targetHints":{"allow":["GET"]}}],"collection":[{"href":"https:\/\/ruoumini.com\/en\/wp-json\/wp\/v2\/product"}],"about":[{"href":"https:\/\/ruoumini.com\/en\/wp-json\/wp\/v2\/types\/product"}],"replies":[{"embeddable":true,"href":"https:\/\/ruoumini.com\/en\/wp-json\/wp\/v2\/comments?post=14225"}],"wp:featuredmedia":[{"embeddable":true,"href":"https:\/\/ruoumini.com\/en\/wp-json\/wp\/v2\/media\/14070"}],"wp:attachment":[{"href":"https:\/\/ruoumini.com\/en\/wp-json\/wp\/v2\/media?parent=14225"}],"wp:term":[{"taxonomy":"product_brand","embeddable":true,"href":"https:\/\/ruoumini.com\/en\/wp-json\/wp\/v2\/product_brand?post=14225"},{"taxonomy":"product_cat","embeddable":true,"href":"https:\/\/ruoumini.com\/en\/wp-json\/wp\/v2\/product_cat?post=14225"},{"taxonomy":"product_tag","embeddable":true,"href":"https:\/\/ruoumini.com\/en\/wp-json\/wp\/v2\/product_tag?post=14225"}],"curies":[{"name":"wp","href":"https:\/\/api.w.org\/{rel}","templated":true}]}}