{"id":14228,"date":"2026-02-24T21:03:59","date_gmt":"2026-02-24T14:03:59","guid":{"rendered":"https:\/\/ruoumini.com\/?post_type=product&#038;p=14228"},"modified":"2026-03-11T20:42:00","modified_gmt":"2026-03-11T13:42:00","slug":"co-re-047-remy-martin-qualite-du-centaure-v-s-o-p","status":"publish","type":"product","link":"https:\/\/ruoumini.com\/en\/co-re-047-remy-martin-qualite-du-centaure-v-s-o-p\/","title":{"rendered":"CO-RE-047 Remy Martin Qualite Du Centaure V.S.O.P"},"content":{"rendered":"<div class=\"flex flex-col text-sm pb-25\">\n<article class=\"text-token-text-primary w-full focus:outline-none [--shadow-height:45px] has-data-writing-block:pointer-events-none has-data-writing-block:-mt-(--shadow-height) has-data-writing-block:pt-(--shadow-height) [&amp;:has([data-writing-block])&gt;*]:pointer-events-auto scroll-mt-[calc(var(--header-height)+min(200px,max(70px,20svh)))]\" dir=\"auto\" data-turn-id=\"request-WEB:fdfc0ab1-26bd-4a9f-bb03-4447d2664bf1-33\" data-testid=\"conversation-turn-68\" data-scroll-anchor=\"true\" data-turn=\"assistant\">\n<div class=\"text-base my-auto mx-auto pb-10 [--thread-content-margin:--spacing(4)] @w-sm\/main:[--thread-content-margin:--spacing(6)] @w-lg\/main:[--thread-content-margin:--spacing(16)] px-(--thread-content-margin)\">\n<div class=\"[--thread-content-max-width:40rem] @w-lg\/main:[--thread-content-max-width:48rem] mx-auto max-w-(--thread-content-max-width) flex-1 group\/turn-messages focus-visible:outline-hidden relative flex w-full min-w-0 flex-col agent-turn\">\n<div class=\"flex max-w-full flex-col grow\">\n<div class=\"min-h-8 text-message relative flex w-full flex-col items-end gap-2 text-start break-words whitespace-normal [.text-message+&amp;]:mt-1\" dir=\"auto\" data-message-author-role=\"assistant\" data-message-id=\"e717bf12-a3e5-4447-a90f-04a1a7087849\" data-message-model-slug=\"gpt-5-3\">\n<div class=\"flex w-full flex-col gap-1 empty:hidden first:pt-[1px]\">\n<div class=\"markdown prose dark:prose-invert w-full break-words light markdown-new-styling\">\n<h3 data-start=\"0\" data-end=\"50\">\ud83e\udd43 <strong data-start=\"7\" data-end=\"50\">R\u00e9my Martin Qualit\u00e9 du Centaure V.S.O.P<\/strong><\/h3>\n<p data-start=\"52\" data-end=\"108\"><strong data-start=\"52\" data-end=\"108\">Classic Fine Champagne Cognac with Historic Branding<\/strong><\/p>\n<p data-start=\"110\" data-end=\"382\"><span class=\"hover:entity-accent entity-underline inline cursor-pointer align-baseline\"><span class=\"whitespace-normal\">R\u00e9my Martin<\/span><\/span> Qualit\u00e9 du Centaure V.S.O.P is a traditional <strong data-start=\"193\" data-end=\"218\">Fine Champagne Cognac<\/strong> representing the house\u2019s historic style. The name refers to the iconic <strong data-start=\"290\" data-end=\"308\">centaur emblem<\/strong> of R\u00e9my Martin, symbolizing quality and heritage in cognac craftsmanship.<\/p>\n<hr data-start=\"384\" data-end=\"387\" \/>\n<h3 data-start=\"389\" data-end=\"414\">\ud83d\udccb Key Specifications<\/h3>\n<ul data-start=\"415\" data-end=\"703\">\n<li data-start=\"415\" data-end=\"467\">\n<p data-start=\"417\" data-end=\"467\"><strong data-start=\"417\" data-end=\"427\">Brand:<\/strong> <span class=\"hover:entity-accent entity-underline inline cursor-pointer align-baseline\"><span class=\"whitespace-normal\">R\u00e9my Martin<\/span><\/span><\/p>\n<\/li>\n<li data-start=\"468\" data-end=\"509\">\n<p data-start=\"470\" data-end=\"509\"><strong data-start=\"470\" data-end=\"483\">Category:<\/strong> Cognac \u2013 Fine Champagne<\/p>\n<\/li>\n<li data-start=\"510\" data-end=\"557\">\n<p data-start=\"512\" data-end=\"557\"><strong data-start=\"512\" data-end=\"522\">Style:<\/strong> V.S.O.P (Very Superior Old Pale)<\/p>\n<\/li>\n<li data-start=\"558\" data-end=\"650\">\n<p data-start=\"560\" data-end=\"650\"><strong data-start=\"560\" data-end=\"571\">Origin:<\/strong> <span class=\"hover:entity-accent entity-underline inline cursor-pointer align-baseline\"><span class=\"whitespace-normal\">Cognac<\/span><\/span>, <span class=\"hover:entity-accent entity-underline inline cursor-pointer align-baseline\"><span class=\"whitespace-normal\">France<\/span><\/span><\/p>\n<\/li>\n<li data-start=\"651\" data-end=\"667\">\n<p data-start=\"653\" data-end=\"667\"><strong data-start=\"653\" data-end=\"661\">ABV:<\/strong> 40%<\/p>\n<\/li>\n<li data-start=\"668\" data-end=\"703\">\n<p data-start=\"670\" data-end=\"703\"><strong data-start=\"670\" data-end=\"686\">Bottle Size:<\/strong> Typically 700 ml<\/p>\n<\/li>\n<\/ul>\n<hr data-start=\"705\" data-end=\"708\" \/>\n<h3 data-start=\"710\" data-end=\"741\">\ud83d\udce6 Packaging &amp; Presentation<\/h3>\n<ul data-start=\"742\" data-end=\"899\">\n<li data-start=\"742\" data-end=\"787\">\n<p data-start=\"744\" data-end=\"787\">Classic <strong data-start=\"752\" data-end=\"785\">R\u00e9my Martin VSOP bottle shape<\/strong><\/p>\n<\/li>\n<li data-start=\"788\" data-end=\"846\">\n<p data-start=\"790\" data-end=\"846\">Label featuring the <strong data-start=\"810\" data-end=\"844\">\u201cQualit\u00e9 du Centaure\u201d branding<\/strong><\/p>\n<\/li>\n<li data-start=\"847\" data-end=\"899\">\n<p data-start=\"849\" data-end=\"899\">Traditional <strong data-start=\"861\" data-end=\"879\">centaur emblem<\/strong> on bottle and label<\/p>\n<\/li>\n<\/ul>\n<hr data-start=\"901\" data-end=\"904\" \/>\n<h3 data-start=\"906\" data-end=\"935\">\ud83d\udc8e Collectibility &amp; Value<\/h3>\n<ul data-start=\"936\" data-end=\"1108\">\n<li data-start=\"936\" data-end=\"999\">\n<p data-start=\"938\" data-end=\"999\">Older label version valued by <strong data-start=\"968\" data-end=\"997\">vintage cognac collectors<\/strong><\/p>\n<\/li>\n<li data-start=\"1000\" data-end=\"1055\">\n<p data-start=\"1002\" data-end=\"1055\">Represents a <strong data-start=\"1015\" data-end=\"1053\">historic style of R\u00e9my Martin VSOP<\/strong><\/p>\n<\/li>\n<li data-start=\"1056\" data-end=\"1108\">\n<p data-start=\"1058\" data-end=\"1108\">Value influenced by bottle condition and packaging<\/p>\n<\/li>\n<\/ul>\n<hr data-start=\"1110\" data-end=\"1113\" \/>\n<h3 data-start=\"1115\" data-end=\"1138\">\u2b50 Why It Stands Out<\/h3>\n<ul data-start=\"1139\" data-end=\"1302\" data-is-last-node=\"\" data-is-only-node=\"\">\n<li data-start=\"1139\" data-end=\"1186\">\n<p data-start=\"1141\" data-end=\"1186\">Traditional <strong data-start=\"1153\" data-end=\"1184\">Fine Champagne Cognac blend<\/strong><\/p>\n<\/li>\n<li data-start=\"1187\" data-end=\"1234\">\n<p data-start=\"1189\" data-end=\"1234\">Historic <strong data-start=\"1198\" data-end=\"1232\">\u201cQualit\u00e9 du Centaure\u201d labeling<\/strong><\/p>\n<\/li>\n<li data-start=\"1235\" data-end=\"1302\" data-is-last-node=\"\">\n<p data-start=\"1237\" data-end=\"1302\" data-is-last-node=\"\">Smooth profile with <strong data-start=\"1257\" data-end=\"1297\">fruit, vanilla, oak, and spice notes<\/strong> \ud83c\udf47\ud83e\udd43<\/p>\n<\/li>\n<\/ul>\n<\/div>\n<\/div>\n<\/div>\n<\/div>\n<\/div>\n<\/div>\n<\/article>\n<\/div>\n","protected":false},"excerpt":{"rendered":"<p>\ud83e\udd43 R\u00e9my Martin Qualit\u00e9 du Centaure V.S.O.P Classic Fine Champagne Cognac with Historic Branding R\u00e9my Martin Qualit\u00e9 du Centaure V.S.O.P is a traditional Fine Champagne Cognac representing the house\u2019s historic style. The name refers to the iconic centaur emblem of R\u00e9my Martin, symbolizing quality and heritage in cognac craftsmanship. \ud83d\udccb Key Specifications Brand: R\u00e9my Martin [&#8230;]\n","protected":false},"featured_media":14060,"comment_status":"open","ping_status":"closed","template":"","meta":[],"product_brand":[],"product_cat":[496,520],"product_tag":[],"class_list":{"0":"post-14228","1":"product","2":"type-product","3":"status-publish","4":"has-post-thumbnail","6":"product_cat-cognac-en","7":"product_cat-co-re-remy-martin-en","9":"first","10":"instock","11":"taxable","12":"shipping-taxable","13":"product-type-simple","14":"berocket_lgv_grid","15":"berocket_lgv_list_grid"},"jetpack_sharing_enabled":true,"_links":{"self":[{"href":"https:\/\/ruoumini.com\/en\/wp-json\/wp\/v2\/product\/14228","targetHints":{"allow":["GET"]}}],"collection":[{"href":"https:\/\/ruoumini.com\/en\/wp-json\/wp\/v2\/product"}],"about":[{"href":"https:\/\/ruoumini.com\/en\/wp-json\/wp\/v2\/types\/product"}],"replies":[{"embeddable":true,"href":"https:\/\/ruoumini.com\/en\/wp-json\/wp\/v2\/comments?post=14228"}],"wp:featuredmedia":[{"embeddable":true,"href":"https:\/\/ruoumini.com\/en\/wp-json\/wp\/v2\/media\/14060"}],"wp:attachment":[{"href":"https:\/\/ruoumini.com\/en\/wp-json\/wp\/v2\/media?parent=14228"}],"wp:term":[{"taxonomy":"product_brand","embeddable":true,"href":"https:\/\/ruoumini.com\/en\/wp-json\/wp\/v2\/product_brand?post=14228"},{"taxonomy":"product_cat","embeddable":true,"href":"https:\/\/ruoumini.com\/en\/wp-json\/wp\/v2\/product_cat?post=14228"},{"taxonomy":"product_tag","embeddable":true,"href":"https:\/\/ruoumini.com\/en\/wp-json\/wp\/v2\/product_tag?post=14228"}],"curies":[{"name":"wp","href":"https:\/\/api.w.org\/{rel}","templated":true}]}}