{"id":8810,"date":"2025-08-05T21:08:59","date_gmt":"2025-08-05T14:08:59","guid":{"rendered":"https:\/\/ruoumini.com\/?post_type=product&#038;p=8810"},"modified":"2026-03-11T20:43:27","modified_gmt":"2026-03-11T13:43:27","slug":"spirit-zin-001-zinn-40","status":"publish","type":"product","link":"https:\/\/ruoumini.com\/en\/spirit-zin-001-zinn-40\/","title":{"rendered":"SPIRIT-ZIN-001 Zinn 40"},"content":{"rendered":"<p>\ud83d\udccc <strong>Quick Introduction to Zinn 40<\/strong><\/p>\n<ul>\n<li><strong>Product Name<\/strong>: Zinn 40<\/li>\n<li><strong>Alcohol Content<\/strong>: 40% vol.<\/li>\n<li><strong>Origin<\/strong>: Germany, listed under the &#8220;German liquor&#8221; category on mini bottle platforms<\/li>\n<\/ul>\n<p>\ud83e\udd42 <strong>Flavor &amp; Usage<\/strong><br \/>\nDue to the lack of detailed information about its flavor, it can be assumed:<\/p>\n<ul>\n<li><strong>Light sweetness<\/strong>, with a structure somewhat similar to wine-based lik\u00f6r<\/li>\n<li><strong>Not intended for cocktails<\/strong> like rum or vodka<\/li>\n<li><strong>Best enjoyed neat<\/strong>, or used in light beverages, desserts, or simple mixing<\/li>\n<\/ul>\n<p>\u2705 <strong>Summary<\/strong><\/p>\n<ul>\n<li><strong>Zinn 40<\/strong> is a German lik\u00f6r characterized by wine-based preparation, 40% vol. alcohol content, usually available in <strong>mini bottles of 40 ml<\/strong><\/li>\n<li>It is not rum, vodka, or punsch; not widely popular and relatively unknown outside the mini spirits market<\/li>\n<li>An excellent choice if you are looking for a unique small gift or a mini spirit tasting experience<\/li>\n<\/ul>\n<p>B\u1ea1n c\u00f3 mu\u1ed1n t\u00f4i vi\u1ebft l\u1ea1i b\u1ea3n d\u1ecbch n\u00e0y theo v\u0103n phong marketing (mang t\u00ednh g\u1ee3i m\u1edf, thu h\u00fat kh\u00e1ch h\u00e0ng) thay v\u00ec ch\u1ec9 d\u1ecbch s\u00e1t ngh\u0129a?<\/p>\n","protected":false},"excerpt":{"rendered":"<p>\ud83d\udccc Quick Introduction to Zinn 40 Product Name: Zinn 40 Alcohol Content: 40% vol. Origin: Germany, listed under the &#8220;German liquor&#8221; category on mini bottle platforms \ud83e\udd42 Flavor &amp; Usage Due to the lack of detailed information about its flavor, it can be assumed: Light sweetness, with a structure somewhat similar to wine-based lik\u00f6r Not [&#8230;]\n","protected":false},"featured_media":8792,"comment_status":"closed","ping_status":"closed","template":"","meta":[],"product_brand":[],"product_cat":[476,277],"product_tag":[],"class_list":{"0":"post-8810","1":"product","2":"type-product","3":"status-publish","4":"has-post-thumbnail","6":"product_cat-miniature-en","7":"product_cat-others","9":"first","10":"instock","11":"featured","12":"taxable","13":"shipping-taxable","14":"purchasable","15":"product-type-simple","16":"berocket_lgv_grid","17":"berocket_lgv_list_grid"},"jetpack_sharing_enabled":true,"_links":{"self":[{"href":"https:\/\/ruoumini.com\/en\/wp-json\/wp\/v2\/product\/8810","targetHints":{"allow":["GET"]}}],"collection":[{"href":"https:\/\/ruoumini.com\/en\/wp-json\/wp\/v2\/product"}],"about":[{"href":"https:\/\/ruoumini.com\/en\/wp-json\/wp\/v2\/types\/product"}],"replies":[{"embeddable":true,"href":"https:\/\/ruoumini.com\/en\/wp-json\/wp\/v2\/comments?post=8810"}],"wp:featuredmedia":[{"embeddable":true,"href":"https:\/\/ruoumini.com\/en\/wp-json\/wp\/v2\/media\/8792"}],"wp:attachment":[{"href":"https:\/\/ruoumini.com\/en\/wp-json\/wp\/v2\/media?parent=8810"}],"wp:term":[{"taxonomy":"product_brand","embeddable":true,"href":"https:\/\/ruoumini.com\/en\/wp-json\/wp\/v2\/product_brand?post=8810"},{"taxonomy":"product_cat","embeddable":true,"href":"https:\/\/ruoumini.com\/en\/wp-json\/wp\/v2\/product_cat?post=8810"},{"taxonomy":"product_tag","embeddable":true,"href":"https:\/\/ruoumini.com\/en\/wp-json\/wp\/v2\/product_tag?post=8810"}],"curies":[{"name":"wp","href":"https:\/\/api.w.org\/{rel}","templated":true}]}}