{"id":9095,"date":"2025-07-22T15:59:21","date_gmt":"2025-07-22T08:59:21","guid":{"rendered":"https:\/\/ruoumini.com\/?post_type=product&#038;p=9095"},"modified":"2025-10-10T13:15:19","modified_gmt":"2025-10-10T06:15:19","slug":"amg-cau-004-armagnac-marquis-de-caussade","status":"publish","type":"product","link":"https:\/\/ruoumini.com\/en\/amg-cau-004-armagnac-marquis-de-caussade\/","title":{"rendered":"AMG-CAU-004 Armagnac Marquis de Caussade"},"content":{"rendered":"<h3 data-start=\"142\" data-end=\"212\">\ud83c\udff0 <strong data-start=\"149\" data-end=\"212\">Armagnac Marquis de Caussade \u2013 A Distinctive Gascony Spirit<\/strong><\/h3>\n<p data-start=\"214\" data-end=\"504\"><strong data-start=\"214\" data-end=\"246\">Armagnac Marquis de Caussade<\/strong> is a premium brandy from the heart of the Gascony region in southwestern France. Known for its refined quality and elegantly crafted bottles, this Armagnac embodies tradition, complexity, and character. Below are the main expressions of this esteemed label:<\/p>\n<hr data-start=\"506\" data-end=\"509\" \/>\n<h3 data-start=\"511\" data-end=\"570\">\ud83e\udd43 <strong data-start=\"518\" data-end=\"570\">Main Expressions of Marquis de Caussade Armagnac<\/strong><\/h3>\n<h4 data-start=\"572\" data-end=\"608\">1. <strong data-start=\"580\" data-end=\"606\">Marquis de Caussade VS<\/strong><\/h4>\n<ul data-start=\"609\" data-end=\"828\">\n<li data-start=\"609\" data-end=\"639\">\n<p data-start=\"611\" data-end=\"639\"><strong data-start=\"611\" data-end=\"620\">Aging<\/strong>: Minimum 4 years<\/p>\n<\/li>\n<li data-start=\"640\" data-end=\"664\">\n<p data-start=\"642\" data-end=\"664\"><strong data-start=\"642\" data-end=\"653\">Alcohol<\/strong>: 40% ABV<\/p>\n<\/li>\n<li data-start=\"665\" data-end=\"828\">\n<p data-start=\"667\" data-end=\"828\"><strong data-start=\"667\" data-end=\"684\">Tasting Notes<\/strong>:<br data-start=\"685\" data-end=\"688\" \/>Bright amber color. Aromas of oak, vanilla, and light spice. The palate is smooth and lively, with hints of wood, dried fruits, and spice.<\/p>\n<\/li>\n<\/ul>\n<hr data-start=\"830\" data-end=\"833\" \/>\n<h4 data-start=\"835\" data-end=\"873\">2. <strong data-start=\"843\" data-end=\"871\">Marquis de Caussade VSOP<\/strong><\/h4>\n<ul data-start=\"874\" data-end=\"1154\">\n<li data-start=\"874\" data-end=\"904\">\n<p data-start=\"876\" data-end=\"904\"><strong data-start=\"876\" data-end=\"885\">Aging<\/strong>: Minimum 4 years<\/p>\n<\/li>\n<li data-start=\"905\" data-end=\"929\">\n<p data-start=\"907\" data-end=\"929\"><strong data-start=\"907\" data-end=\"918\">Alcohol<\/strong>: 40% ABV<\/p>\n<\/li>\n<li data-start=\"930\" data-end=\"1154\">\n<p data-start=\"932\" data-end=\"1154\"><strong data-start=\"932\" data-end=\"949\">Tasting Notes<\/strong>:<br data-start=\"950\" data-end=\"953\" \/>Deep amber with mahogany highlights. Floral and dried fruit notes (notably prunes), complemented by honey and vanilla. A rich, balanced palate with long-lasting finish, combining fruit and oak tones.<\/p>\n<\/li>\n<\/ul>\n<hr data-start=\"1156\" data-end=\"1159\" \/>\n<h4 data-start=\"1161\" data-end=\"1197\">3. <strong data-start=\"1169\" data-end=\"1195\">Marquis de Caussade XO<\/strong><\/h4>\n<ul data-start=\"1198\" data-end=\"1476\">\n<li data-start=\"1198\" data-end=\"1229\">\n<p data-start=\"1200\" data-end=\"1229\"><strong data-start=\"1200\" data-end=\"1209\">Aging<\/strong>: Minimum 10 years<\/p>\n<\/li>\n<li data-start=\"1230\" data-end=\"1254\">\n<p data-start=\"1232\" data-end=\"1254\"><strong data-start=\"1232\" data-end=\"1243\">Alcohol<\/strong>: 40% ABV<\/p>\n<\/li>\n<li data-start=\"1255\" data-end=\"1476\">\n<p data-start=\"1257\" data-end=\"1476\"><strong data-start=\"1257\" data-end=\"1274\">Tasting Notes<\/strong>:<br data-start=\"1275\" data-end=\"1278\" \/>Amber with brown reflections. Aromas of flowers, ripe fruits, almond, oak, and spice. The palate is elegant and layered, with notes of orange and lemon zest, leading to a long and pleasant finish.<\/p>\n<\/li>\n<\/ul>\n<hr data-start=\"1478\" data-end=\"1481\" \/>\n<h3 data-start=\"1483\" data-end=\"1513\">\ud83e\udded <strong data-start=\"1490\" data-end=\"1513\">Serving Suggestions<\/strong><\/h3>\n<ul data-start=\"1515\" data-end=\"1785\">\n<li data-start=\"1515\" data-end=\"1578\">\n<p data-start=\"1517\" data-end=\"1578\"><strong data-start=\"1517\" data-end=\"1532\">Temperature<\/strong>: Best enjoyed at room temperature (18\u201320\u00b0C)<\/p>\n<\/li>\n<li data-start=\"1579\" data-end=\"1699\">\n<p data-start=\"1581\" data-end=\"1699\"><strong data-start=\"1581\" data-end=\"1593\">Pairings<\/strong>: Excellent with desserts such as chocolate fondant, cr\u00e8me br\u00fbl\u00e9e, or alongside cheeses and roasted nuts<\/p>\n<\/li>\n<li data-start=\"1700\" data-end=\"1785\">\n<p data-start=\"1702\" data-end=\"1785\"><strong data-start=\"1702\" data-end=\"1719\">Serving Style<\/strong>: Best sipped neat to appreciate the full complexity of the spirit<\/p>\n<\/li>\n<\/ul>\n","protected":false},"excerpt":{"rendered":"<p>\ud83c\udff0 Armagnac Marquis de Caussade \u2013 A Distinctive Gascony Spirit Armagnac Marquis de Caussade is a premium brandy from the heart of the Gascony region in southwestern France. Known for its refined quality and elegantly crafted bottles, this Armagnac embodies tradition, complexity, and character. Below are the main expressions of this esteemed label: \ud83e\udd43 Main [&#8230;]\n","protected":false},"featured_media":8735,"comment_status":"closed","ping_status":"closed","template":"","meta":[],"product_brand":[],"product_cat":[476,521],"product_tag":[],"class_list":{"0":"post-9095","1":"product","2":"type-product","3":"status-publish","4":"has-post-thumbnail","6":"product_cat-miniature-en","7":"product_cat-others-en","9":"first","10":"instock","11":"taxable","12":"shipping-taxable","13":"purchasable","14":"product-type-simple","15":"berocket_lgv_grid","16":"berocket_lgv_list_grid"},"jetpack_sharing_enabled":true,"_links":{"self":[{"href":"https:\/\/ruoumini.com\/en\/wp-json\/wp\/v2\/product\/9095","targetHints":{"allow":["GET"]}}],"collection":[{"href":"https:\/\/ruoumini.com\/en\/wp-json\/wp\/v2\/product"}],"about":[{"href":"https:\/\/ruoumini.com\/en\/wp-json\/wp\/v2\/types\/product"}],"replies":[{"embeddable":true,"href":"https:\/\/ruoumini.com\/en\/wp-json\/wp\/v2\/comments?post=9095"}],"wp:featuredmedia":[{"embeddable":true,"href":"https:\/\/ruoumini.com\/en\/wp-json\/wp\/v2\/media\/8735"}],"wp:attachment":[{"href":"https:\/\/ruoumini.com\/en\/wp-json\/wp\/v2\/media?parent=9095"}],"wp:term":[{"taxonomy":"product_brand","embeddable":true,"href":"https:\/\/ruoumini.com\/en\/wp-json\/wp\/v2\/product_brand?post=9095"},{"taxonomy":"product_cat","embeddable":true,"href":"https:\/\/ruoumini.com\/en\/wp-json\/wp\/v2\/product_cat?post=9095"},{"taxonomy":"product_tag","embeddable":true,"href":"https:\/\/ruoumini.com\/en\/wp-json\/wp\/v2\/product_tag?post=9095"}],"curies":[{"name":"wp","href":"https:\/\/api.w.org\/{rel}","templated":true}]}}