{"id":9766,"date":"2025-02-19T00:31:00","date_gmt":"2025-02-18T17:31:00","guid":{"rendered":"https:\/\/ruoumini.com\/?post_type=product&#038;p=9766"},"modified":"2025-10-15T17:22:02","modified_gmt":"2025-10-15T10:22:02","slug":"wh-mack-010-rare-mackinlay-old-scotch-whisky-mini-bottles","status":"publish","type":"product","link":"https:\/\/ruoumini.com\/en\/wh-mack-010-rare-mackinlay-old-scotch-whisky-mini-bottles\/","title":{"rendered":"WH-MACK-010 RARE Mackinlay old scotch whisky, mini bottles"},"content":{"rendered":"<h3 data-start=\"327\" data-end=\"377\">\ud83e\udd43 <strong data-start=\"334\" data-end=\"377\">Mackinlay&#8217;s Old Scotch Whisky Miniature<\/strong><\/h3>\n<ul data-start=\"379\" data-end=\"945\">\n<li data-start=\"379\" data-end=\"405\">\n<p data-start=\"381\" data-end=\"405\"><strong data-start=\"381\" data-end=\"391\">Brand:<\/strong> Mackinlay&#8217;s<\/p>\n<\/li>\n<li data-start=\"406\" data-end=\"441\">\n<p data-start=\"408\" data-end=\"441\"><strong data-start=\"408\" data-end=\"417\">Type:<\/strong> Blended Scotch Whisky<\/p>\n<\/li>\n<li data-start=\"442\" data-end=\"489\">\n<p data-start=\"444\" data-end=\"489\"><strong data-start=\"444\" data-end=\"452\">Age:<\/strong> Varies; typically no age statement<\/p>\n<\/li>\n<li data-start=\"490\" data-end=\"522\">\n<p data-start=\"492\" data-end=\"522\"><strong data-start=\"492\" data-end=\"512\">Alcohol Content:<\/strong> 40% ABV<\/p>\n<\/li>\n<li data-start=\"523\" data-end=\"554\">\n<p data-start=\"525\" data-end=\"554\"><strong data-start=\"525\" data-end=\"541\">Bottle Size:<\/strong> 5cl (50ml)<\/p>\n<\/li>\n<li data-start=\"555\" data-end=\"579\">\n<p data-start=\"557\" data-end=\"579\"><strong data-start=\"557\" data-end=\"568\">Origin:<\/strong> Scotland<\/p>\n<\/li>\n<li data-start=\"580\" data-end=\"652\">\n<p data-start=\"582\" data-end=\"652\"><strong data-start=\"582\" data-end=\"597\">Maturation:<\/strong> A blend of malt and grain whiskies aged in oak casks<\/p>\n<\/li>\n<li data-start=\"653\" data-end=\"945\">\n<p data-start=\"655\" data-end=\"945\"><strong data-start=\"655\" data-end=\"674\">Flavor Profile:<\/strong> Delicate aromas of crushed apple and pear, with notes of oak shavings, buttery vanilla, creamy caramel, and nutmeg. The palate offers flavors of cr\u00e8me br\u00fbl\u00e9e, orange rind, and freshly baked bread, leading to a long-lasting finish with hints of nutmeg and creamy caramel.<\/p>\n<\/li>\n<\/ul>\n<hr data-start=\"947\" data-end=\"950\" \/>\n<h3 data-start=\"952\" data-end=\"992\">\ud83c\udf1f <strong data-start=\"959\" data-end=\"992\">Collectibility &amp; Significance<\/strong><\/h3>\n<p data-start=\"994\" data-end=\"1221\">These miniatures are prized for their historical value and the opportunity they provide to taste a piece of whisky history. Given their age and limited availability, they are often considered rare finds in the whisky community.<\/p>\n<hr data-start=\"1223\" data-end=\"1226\" \/>\n<h3 data-start=\"1228\" data-end=\"1257\">\ud83c\udf81 <strong data-start=\"1235\" data-end=\"1257\">Presentation &amp; Use<\/strong><\/h3>\n<ul data-start=\"1259\" data-end=\"1528\">\n<li data-start=\"1259\" data-end=\"1330\">\n<p data-start=\"1261\" data-end=\"1330\"><strong data-start=\"1261\" data-end=\"1275\">Ideal for:<\/strong> Collectors, whisky enthusiasts, and as unique gifts.<\/p>\n<\/li>\n<li data-start=\"1331\" data-end=\"1411\">\n<p data-start=\"1333\" data-end=\"1411\"><strong data-start=\"1333\" data-end=\"1356\">Serving Suggestion:<\/strong> Best enjoyed neat to appreciate the complex flavors.<\/p>\n<\/li>\n<li data-start=\"1412\" data-end=\"1528\">\n<p data-start=\"1414\" data-end=\"1528\"><strong data-start=\"1414\" data-end=\"1428\">Packaging:<\/strong> Typically presented in a classic miniature bottle, reflecting the traditional nature of the whisky.<\/p>\n<\/li>\n<\/ul>\n","protected":false},"excerpt":{"rendered":"<p>\ud83e\udd43 Mackinlay&#8217;s Old Scotch Whisky Miniature Brand: Mackinlay&#8217;s Type: Blended Scotch Whisky Age: Varies; typically no age statement Alcohol Content: 40% ABV Bottle Size: 5cl (50ml) Origin: Scotland Maturation: A blend of malt and grain whiskies aged in oak casks Flavor Profile: Delicate aromas of crushed apple and pear, with notes of oak shavings, buttery [&#8230;]\n","protected":false},"featured_media":7165,"comment_status":"open","ping_status":"open","template":"","meta":[],"product_brand":[],"product_cat":[476,524,558],"product_tag":[],"class_list":{"0":"post-9766","1":"product","2":"type-product","3":"status-publish","4":"has-post-thumbnail","6":"product_cat-miniature-en","7":"product_cat-whisky-en","8":"product_cat-wh-mack-mackinlay-en","10":"first","11":"instock","12":"purchasable","13":"product-type-simple","14":"berocket_lgv_grid","15":"berocket_lgv_list_grid"},"jetpack_sharing_enabled":true,"_links":{"self":[{"href":"https:\/\/ruoumini.com\/en\/wp-json\/wp\/v2\/product\/9766","targetHints":{"allow":["GET"]}}],"collection":[{"href":"https:\/\/ruoumini.com\/en\/wp-json\/wp\/v2\/product"}],"about":[{"href":"https:\/\/ruoumini.com\/en\/wp-json\/wp\/v2\/types\/product"}],"replies":[{"embeddable":true,"href":"https:\/\/ruoumini.com\/en\/wp-json\/wp\/v2\/comments?post=9766"}],"wp:featuredmedia":[{"embeddable":true,"href":"https:\/\/ruoumini.com\/en\/wp-json\/wp\/v2\/media\/7165"}],"wp:attachment":[{"href":"https:\/\/ruoumini.com\/en\/wp-json\/wp\/v2\/media?parent=9766"}],"wp:term":[{"taxonomy":"product_brand","embeddable":true,"href":"https:\/\/ruoumini.com\/en\/wp-json\/wp\/v2\/product_brand?post=9766"},{"taxonomy":"product_cat","embeddable":true,"href":"https:\/\/ruoumini.com\/en\/wp-json\/wp\/v2\/product_cat?post=9766"},{"taxonomy":"product_tag","embeddable":true,"href":"https:\/\/ruoumini.com\/en\/wp-json\/wp\/v2\/product_tag?post=9766"}],"curies":[{"name":"wp","href":"https:\/\/api.w.org\/{rel}","templated":true}]}}